{"id":2,"date":"2020-11-17T14:09:41","date_gmt":"2020-11-17T13:09:41","guid":{"rendered":"http:\/\/necedesign.com\/?page_id=2"},"modified":"2021-05-03T22:19:26","modified_gmt":"2021-05-03T20:19:26","slug":"page-d-exemple","status":"publish","type":"page","link":"https:\/\/necedesign.com\/index.php\/page-d-exemple\/","title":{"rendered":"A R T- P R I N T S  \u00b7 C A R T E S"},"content":{"rendered":"\n<hr class=\"wp-block-separator\"\/>\n\n\n\n<p class=\"has-text-align-left\" style=\"font-size:24px\">Nos <strong>affiches d&#8217;art<\/strong> sont des<strong> reproductions artistiques de qualit\u00e9 sup\u00e9rieure<\/strong>, copie parfaite de l&#8217;oeuvre originale. Ils sont imprim\u00e9s sur un <strong>papier haut de gamme<\/strong> (Fine-Art Rembrant textur\u00e9 300g\/m2). Les d\u00e9tails des coups de pinceaux et crayons sont parfaitement retranscris et donnent \u00e0 nos impressions leur aspect unique et singulier. Ils sont <strong>sign\u00e9s de la main de l&#8217;auteur<\/strong>, tamponn\u00e9s du logo N\u00e9c\u00e9 Design, et emball\u00e9s avec soin dans un sachet plastifi\u00e9 et sticker pour une meilleure protection et visibilit\u00e9 en magasin.<\/p>\n\n\n\n<p class=\"has-text-align-left\"><strong>Disponible aux formats :<\/strong><\/p>\n\n\n\n<ul><li><strong>21 x 29,7cm (A4)<\/strong><\/li><li><strong>29,7x42cm (A3)<\/strong><\/li><\/ul>\n\n\n\n<p style=\"font-size:22px\"><\/p>\n\n\n\n<div style=\"height:100px\" aria-hidden=\"true\" class=\"wp-block-spacer\"><\/div>\n\n\n\n<p class=\"has-text-align-left\" style=\"font-size:24px\">Nos <strong>cartes<\/strong> sont \u00e9galement imprim\u00e9es en haute qualit\u00e9 sur ce m\u00eame papier  (Fine-Art Rembrant textur\u00e9 300g\/m2). Le verso est blanc pour permettre d&#8217;<strong>\u00e9crire un message<\/strong> ou d&#8217;<strong>accompagner un cadeau<\/strong>, en plus de pouvoir <strong>\u00eatre encadrer<\/strong>.<\/p>\n\n\n\n<p class=\"has-text-align-left\"><strong>Disponible au format <\/strong><\/p>\n\n\n\n<ul><li><strong>10 x 15 cm<\/strong><\/li><\/ul>\n\n\n\n<div style=\"height:66px\" aria-hidden=\"true\" class=\"wp-block-spacer\"><\/div>\n\n\n\n<h2 class=\"has-text-align-center has-text-color\" style=\"font-size:44px;color:#b9a76e\"><strong>L E S \u00b7 G \u00c9 O M \u00c9 T R I Q U E S<\/strong><\/h2>\n\n\n\n<figure class=\"wp-block-gallery alignfull columns-3 is-cropped\"><ul class=\"blocks-gallery-grid\"><li class=\"blocks-gallery-item\"><figure><img loading=\"lazy\" width=\"2560\" height=\"2377\" src=\"http:\/\/necedesign.com\/wp-content\/uploads\/2020\/11\/LES-GEOMETRIQUES_CURIE-scaled.jpg\" alt=\"\" data-id=\"875\" data-full-url=\"http:\/\/necedesign.com\/wp-content\/uploads\/2020\/11\/LES-GEOMETRIQUES_CURIE-scaled.jpg\" data-link=\"http:\/\/necedesign.com\/index.php\/page-d-exemple\/les-geometriques_curie\/\" class=\"wp-image-875\" srcset=\"https:\/\/necedesign.com\/wp-content\/uploads\/2020\/11\/LES-GEOMETRIQUES_CURIE-scaled.jpg 2560w, https:\/\/necedesign.com\/wp-content\/uploads\/2020\/11\/LES-GEOMETRIQUES_CURIE-300x279.jpg 300w, https:\/\/necedesign.com\/wp-content\/uploads\/2020\/11\/LES-GEOMETRIQUES_CURIE-1024x951.jpg 1024w, https:\/\/necedesign.com\/wp-content\/uploads\/2020\/11\/LES-GEOMETRIQUES_CURIE-768x713.jpg 768w, https:\/\/necedesign.com\/wp-content\/uploads\/2020\/11\/LES-GEOMETRIQUES_CURIE-1536x1426.jpg 1536w, https:\/\/necedesign.com\/wp-content\/uploads\/2020\/11\/LES-GEOMETRIQUES_CURIE-2048x1902.jpg 2048w, https:\/\/necedesign.com\/wp-content\/uploads\/2020\/11\/LES-GEOMETRIQUES_CURIE-1200x1114.jpg 1200w, https:\/\/necedesign.com\/wp-content\/uploads\/2020\/11\/LES-GEOMETRIQUES_CURIE-1980x1839.jpg 1980w\" sizes=\"(max-width: 2560px) 100vw, 2560px\" \/><\/figure><\/li><li class=\"blocks-gallery-item\"><figure><img loading=\"lazy\" width=\"2560\" height=\"2377\" src=\"http:\/\/necedesign.com\/wp-content\/uploads\/2020\/11\/LES-GEOMETRIQUES_EINSTEIN-scaled.jpg\" alt=\"\" data-id=\"876\" data-full-url=\"http:\/\/necedesign.com\/wp-content\/uploads\/2020\/11\/LES-GEOMETRIQUES_EINSTEIN-scaled.jpg\" data-link=\"http:\/\/necedesign.com\/index.php\/page-d-exemple\/les-geometriques_einstein\/\" class=\"wp-image-876\" srcset=\"https:\/\/necedesign.com\/wp-content\/uploads\/2020\/11\/LES-GEOMETRIQUES_EINSTEIN-scaled.jpg 2560w, https:\/\/necedesign.com\/wp-content\/uploads\/2020\/11\/LES-GEOMETRIQUES_EINSTEIN-300x279.jpg 300w, https:\/\/necedesign.com\/wp-content\/uploads\/2020\/11\/LES-GEOMETRIQUES_EINSTEIN-1024x951.jpg 1024w, https:\/\/necedesign.com\/wp-content\/uploads\/2020\/11\/LES-GEOMETRIQUES_EINSTEIN-768x713.jpg 768w, https:\/\/necedesign.com\/wp-content\/uploads\/2020\/11\/LES-GEOMETRIQUES_EINSTEIN-1536x1426.jpg 1536w, https:\/\/necedesign.com\/wp-content\/uploads\/2020\/11\/LES-GEOMETRIQUES_EINSTEIN-2048x1902.jpg 2048w, https:\/\/necedesign.com\/wp-content\/uploads\/2020\/11\/LES-GEOMETRIQUES_EINSTEIN-1200x1114.jpg 1200w, https:\/\/necedesign.com\/wp-content\/uploads\/2020\/11\/LES-GEOMETRIQUES_EINSTEIN-1980x1839.jpg 1980w\" sizes=\"(max-width: 2560px) 100vw, 2560px\" \/><\/figure><\/li><li class=\"blocks-gallery-item\"><figure><img loading=\"lazy\" width=\"2560\" height=\"2377\" src=\"http:\/\/necedesign.com\/wp-content\/uploads\/2020\/11\/LES-GEOMETRIQUES_PASTEUR-scaled.jpg\" alt=\"\" data-id=\"877\" data-full-url=\"http:\/\/necedesign.com\/wp-content\/uploads\/2020\/11\/LES-GEOMETRIQUES_PASTEUR-scaled.jpg\" data-link=\"http:\/\/necedesign.com\/index.php\/page-d-exemple\/les-geometriques_pasteur\/\" class=\"wp-image-877\" srcset=\"https:\/\/necedesign.com\/wp-content\/uploads\/2020\/11\/LES-GEOMETRIQUES_PASTEUR-scaled.jpg 2560w, https:\/\/necedesign.com\/wp-content\/uploads\/2020\/11\/LES-GEOMETRIQUES_PASTEUR-300x279.jpg 300w, https:\/\/necedesign.com\/wp-content\/uploads\/2020\/11\/LES-GEOMETRIQUES_PASTEUR-1024x951.jpg 1024w, https:\/\/necedesign.com\/wp-content\/uploads\/2020\/11\/LES-GEOMETRIQUES_PASTEUR-768x713.jpg 768w, https:\/\/necedesign.com\/wp-content\/uploads\/2020\/11\/LES-GEOMETRIQUES_PASTEUR-1536x1426.jpg 1536w, https:\/\/necedesign.com\/wp-content\/uploads\/2020\/11\/LES-GEOMETRIQUES_PASTEUR-2048x1901.jpg 2048w, https:\/\/necedesign.com\/wp-content\/uploads\/2020\/11\/LES-GEOMETRIQUES_PASTEUR-1200x1114.jpg 1200w, https:\/\/necedesign.com\/wp-content\/uploads\/2020\/11\/LES-GEOMETRIQUES_PASTEUR-1980x1838.jpg 1980w\" sizes=\"(max-width: 2560px) 100vw, 2560px\" \/><\/figure><\/li><\/ul><\/figure>\n\n\n\n<h2 class=\"has-text-align-center has-text-color\" style=\"font-size:44px;color:#b9a76e\"><strong>L E S \u00b7 P O \u00c9 T I Q U E S<\/strong><\/h2>\n\n\n\n<figure class=\"wp-block-gallery alignfull columns-2 is-cropped\"><ul class=\"blocks-gallery-grid\"><li class=\"blocks-gallery-item\"><figure><img loading=\"lazy\" width=\"2560\" height=\"2377\" src=\"http:\/\/necedesign.com\/wp-content\/uploads\/2020\/11\/LES-POETIQUES-ELLA-scaled.jpg\" alt=\"\" data-id=\"895\" data-full-url=\"http:\/\/necedesign.com\/wp-content\/uploads\/2020\/11\/LES-POETIQUES-ELLA-scaled.jpg\" data-link=\"http:\/\/necedesign.com\/index.php\/page-d-exemple\/les-poetiques-ella\/\" class=\"wp-image-895\" srcset=\"https:\/\/necedesign.com\/wp-content\/uploads\/2020\/11\/LES-POETIQUES-ELLA-scaled.jpg 2560w, https:\/\/necedesign.com\/wp-content\/uploads\/2020\/11\/LES-POETIQUES-ELLA-300x279.jpg 300w, https:\/\/necedesign.com\/wp-content\/uploads\/2020\/11\/LES-POETIQUES-ELLA-1024x951.jpg 1024w, https:\/\/necedesign.com\/wp-content\/uploads\/2020\/11\/LES-POETIQUES-ELLA-768x713.jpg 768w, https:\/\/necedesign.com\/wp-content\/uploads\/2020\/11\/LES-POETIQUES-ELLA-1536x1426.jpg 1536w, https:\/\/necedesign.com\/wp-content\/uploads\/2020\/11\/LES-POETIQUES-ELLA-2048x1901.jpg 2048w, https:\/\/necedesign.com\/wp-content\/uploads\/2020\/11\/LES-POETIQUES-ELLA-1200x1114.jpg 1200w, https:\/\/necedesign.com\/wp-content\/uploads\/2020\/11\/LES-POETIQUES-ELLA-1980x1838.jpg 1980w\" sizes=\"(max-width: 2560px) 100vw, 2560px\" \/><\/figure><\/li><li class=\"blocks-gallery-item\"><figure><img loading=\"lazy\" width=\"2560\" height=\"2377\" src=\"http:\/\/necedesign.com\/wp-content\/uploads\/2020\/11\/LES-POETIQUES-FRIDA-scaled.jpg\" alt=\"\" data-id=\"896\" data-full-url=\"http:\/\/necedesign.com\/wp-content\/uploads\/2020\/11\/LES-POETIQUES-FRIDA-scaled.jpg\" data-link=\"http:\/\/necedesign.com\/index.php\/page-d-exemple\/les-poetiques-frida\/\" class=\"wp-image-896\" srcset=\"https:\/\/necedesign.com\/wp-content\/uploads\/2020\/11\/LES-POETIQUES-FRIDA-scaled.jpg 2560w, https:\/\/necedesign.com\/wp-content\/uploads\/2020\/11\/LES-POETIQUES-FRIDA-300x279.jpg 300w, https:\/\/necedesign.com\/wp-content\/uploads\/2020\/11\/LES-POETIQUES-FRIDA-1024x951.jpg 1024w, https:\/\/necedesign.com\/wp-content\/uploads\/2020\/11\/LES-POETIQUES-FRIDA-768x713.jpg 768w, https:\/\/necedesign.com\/wp-content\/uploads\/2020\/11\/LES-POETIQUES-FRIDA-1536x1426.jpg 1536w, https:\/\/necedesign.com\/wp-content\/uploads\/2020\/11\/LES-POETIQUES-FRIDA-2048x1902.jpg 2048w, https:\/\/necedesign.com\/wp-content\/uploads\/2020\/11\/LES-POETIQUES-FRIDA-1200x1114.jpg 1200w, https:\/\/necedesign.com\/wp-content\/uploads\/2020\/11\/LES-POETIQUES-FRIDA-1980x1839.jpg 1980w\" sizes=\"(max-width: 2560px) 100vw, 2560px\" \/><\/figure><\/li><\/ul><\/figure>\n\n\n\n<p><\/p>\n","protected":false},"excerpt":{"rendered":"<p>Nos affiches d&#8217;art sont des reproductions artistiques de qualit\u00e9 sup\u00e9rieure, copie parfaite de l&#8217;oeuvre originale. Ils sont imprim\u00e9s sur un papier haut de gamme (Fine-Art Rembrant textur\u00e9 300g\/m2). Les d\u00e9tails des coups de pinceaux et crayons sont parfaitement retranscris et donnent \u00e0 nos impressions leur aspect unique et singulier. Ils sont sign\u00e9s de la main [&hellip;]<\/p>\n","protected":false},"author":1,"featured_media":0,"parent":0,"menu_order":0,"comment_status":"closed","ping_status":"open","template":"","meta":[],"_links":{"self":[{"href":"https:\/\/necedesign.com\/index.php\/wp-json\/wp\/v2\/pages\/2"}],"collection":[{"href":"https:\/\/necedesign.com\/index.php\/wp-json\/wp\/v2\/pages"}],"about":[{"href":"https:\/\/necedesign.com\/index.php\/wp-json\/wp\/v2\/types\/page"}],"author":[{"embeddable":true,"href":"https:\/\/necedesign.com\/index.php\/wp-json\/wp\/v2\/users\/1"}],"replies":[{"embeddable":true,"href":"https:\/\/necedesign.com\/index.php\/wp-json\/wp\/v2\/comments?post=2"}],"version-history":[{"count":70,"href":"https:\/\/necedesign.com\/index.php\/wp-json\/wp\/v2\/pages\/2\/revisions"}],"predecessor-version":[{"id":1107,"href":"https:\/\/necedesign.com\/index.php\/wp-json\/wp\/v2\/pages\/2\/revisions\/1107"}],"wp:attachment":[{"href":"https:\/\/necedesign.com\/index.php\/wp-json\/wp\/v2\/media?parent=2"}],"curies":[{"name":"wp","href":"https:\/\/api.w.org\/{rel}","templated":true}]}}