{"id":24,"date":"2020-11-17T15:47:45","date_gmt":"2020-11-17T14:47:45","guid":{"rendered":"http:\/\/necedesign.com\/?page_id=24"},"modified":"2023-03-03T09:51:08","modified_gmt":"2023-03-03T08:51:08","slug":"le-nouveau-e-mucem-ouvre-ses-portes-2","status":"publish","type":"page","link":"https:\/\/necedesign.com\/","title":{"rendered":""},"content":{"rendered":"\n<hr class=\"wp-block-separator\"\/>\n\n\n\n<div style=\"height:42px\" aria-hidden=\"true\" class=\"wp-block-spacer\"><\/div>\n\n\n\n<div class=\"wp-block-group\"><div class=\"wp-block-group__inner-container\">\n<p class=\"has-text-align-center has-text-color\" style=\"font-size:43px;color:#b9a76e\"><strong>Affiches<\/strong> <strong>et<\/strong> <strong>Cartes  D\u00e9coratives <\/strong><br>Po\u00e9sies visuelles \/ Cr\u00e9ations singuli\u00e8res<\/p>\n\n\n\n<div style=\"height:36px\" aria-hidden=\"true\" class=\"wp-block-spacer\"><\/div>\n\n\n\n<hr class=\"wp-block-separator\"\/>\n\n\n\n<p class=\"has-text-align-center\" style=\"font-size:25px\">D\u00e9couvrez nos cr\u00e9ations aux univers artistiques singuliers, <br>empreints de po\u00e9sie et de l\u00e9g\u00e8ret\u00e9. Nos affiches d&#8217;art et cartes <br>d\u00e9coratives sont imagin\u00e9es et cr\u00e9es dans notre atelier tourangeau pour \u00eatre ensuite <br>imprim\u00e9es sur un papier textur\u00e9 de haute qualit\u00e9<br> en Italie, pr\u00e8s de Venise.<\/p>\n<\/div><\/div>\n\n\n\n<blockquote class=\"wp-block-quote has-text-align-center is-style-large\"><p>&#8216; L\u2019art sauvera le monde &#8216;<\/p><cite><strong>Fiodor Dosto\u00efevski<\/strong><\/cite><\/blockquote>\n\n\n\n<div class=\"wp-block-buttons alignleft\">\n<div class=\"wp-block-button\"><a class=\"wp-block-button__link\"><\/a><\/div>\n<\/div>\n\n\n\n<div style=\"height:52px\" aria-hidden=\"true\" class=\"wp-block-spacer\"><\/div>\n\n\n\n<h3 class=\"has-text-align-center has-primary-color has-text-color\" style=\"font-size:82px\">A R T &#8211; P R I N T S \u00b7 C A R T E S<\/h3>\n\n\n\n<div style=\"height:24px\" aria-hidden=\"true\" class=\"wp-block-spacer\"><\/div>\n\n\n\n<div class=\"wp-block-image\"><figure class=\"aligncenter size-large is-resized\"><img loading=\"lazy\" src=\"http:\/\/necedesign.com\/wp-content\/uploads\/2020\/11\/02_RETRAVAIL_TABLEAU-NOIR-BLANC-01-5-996x1024.jpg\" alt=\"\" class=\"wp-image-422\" width=\"1232\" height=\"1267\" srcset=\"https:\/\/necedesign.com\/wp-content\/uploads\/2020\/11\/02_RETRAVAIL_TABLEAU-NOIR-BLANC-01-5-996x1024.jpg 996w, https:\/\/necedesign.com\/wp-content\/uploads\/2020\/11\/02_RETRAVAIL_TABLEAU-NOIR-BLANC-01-5-292x300.jpg 292w, https:\/\/necedesign.com\/wp-content\/uploads\/2020\/11\/02_RETRAVAIL_TABLEAU-NOIR-BLANC-01-5-768x790.jpg 768w, https:\/\/necedesign.com\/wp-content\/uploads\/2020\/11\/02_RETRAVAIL_TABLEAU-NOIR-BLANC-01-5-1494x1536.jpg 1494w, https:\/\/necedesign.com\/wp-content\/uploads\/2020\/11\/02_RETRAVAIL_TABLEAU-NOIR-BLANC-01-5-1992x2048.jpg 1992w, https:\/\/necedesign.com\/wp-content\/uploads\/2020\/11\/02_RETRAVAIL_TABLEAU-NOIR-BLANC-01-5-1200x1234.jpg 1200w, https:\/\/necedesign.com\/wp-content\/uploads\/2020\/11\/02_RETRAVAIL_TABLEAU-NOIR-BLANC-01-5-1980x2036.jpg 1980w\" sizes=\"(max-width: 1232px) 100vw, 1232px\" \/><\/figure><\/div>\n\n\n\n<figure class=\"wp-block-gallery alignfull columns-3 is-cropped\"><ul class=\"blocks-gallery-grid\"><li class=\"blocks-gallery-item\"><figure><img loading=\"lazy\" width=\"2560\" height=\"2377\" src=\"http:\/\/necedesign.com\/wp-content\/uploads\/2020\/11\/LES-GEOMETRIQUES_PASTEUR-scaled.jpg\" alt=\"\" data-id=\"877\" data-full-url=\"http:\/\/necedesign.com\/wp-content\/uploads\/2020\/11\/LES-GEOMETRIQUES_PASTEUR-scaled.jpg\" data-link=\"http:\/\/necedesign.com\/index.php\/page-d-exemple\/les-geometriques_pasteur\/\" class=\"wp-image-877\" srcset=\"https:\/\/necedesign.com\/wp-content\/uploads\/2020\/11\/LES-GEOMETRIQUES_PASTEUR-scaled.jpg 2560w, https:\/\/necedesign.com\/wp-content\/uploads\/2020\/11\/LES-GEOMETRIQUES_PASTEUR-300x279.jpg 300w, https:\/\/necedesign.com\/wp-content\/uploads\/2020\/11\/LES-GEOMETRIQUES_PASTEUR-1024x951.jpg 1024w, https:\/\/necedesign.com\/wp-content\/uploads\/2020\/11\/LES-GEOMETRIQUES_PASTEUR-768x713.jpg 768w, https:\/\/necedesign.com\/wp-content\/uploads\/2020\/11\/LES-GEOMETRIQUES_PASTEUR-1536x1426.jpg 1536w, https:\/\/necedesign.com\/wp-content\/uploads\/2020\/11\/LES-GEOMETRIQUES_PASTEUR-2048x1901.jpg 2048w, https:\/\/necedesign.com\/wp-content\/uploads\/2020\/11\/LES-GEOMETRIQUES_PASTEUR-1200x1114.jpg 1200w, https:\/\/necedesign.com\/wp-content\/uploads\/2020\/11\/LES-GEOMETRIQUES_PASTEUR-1980x1838.jpg 1980w\" sizes=\"(max-width: 2560px) 100vw, 2560px\" \/><\/figure><\/li><li class=\"blocks-gallery-item\"><figure><img loading=\"lazy\" width=\"2560\" height=\"2377\" src=\"http:\/\/necedesign.com\/wp-content\/uploads\/2020\/11\/LES-GEOMETRIQUES_EINSTEIN-scaled.jpg\" alt=\"\" data-id=\"876\" data-full-url=\"http:\/\/necedesign.com\/wp-content\/uploads\/2020\/11\/LES-GEOMETRIQUES_EINSTEIN-scaled.jpg\" data-link=\"http:\/\/necedesign.com\/index.php\/page-d-exemple\/les-geometriques_einstein\/\" class=\"wp-image-876\" srcset=\"https:\/\/necedesign.com\/wp-content\/uploads\/2020\/11\/LES-GEOMETRIQUES_EINSTEIN-scaled.jpg 2560w, https:\/\/necedesign.com\/wp-content\/uploads\/2020\/11\/LES-GEOMETRIQUES_EINSTEIN-300x279.jpg 300w, https:\/\/necedesign.com\/wp-content\/uploads\/2020\/11\/LES-GEOMETRIQUES_EINSTEIN-1024x951.jpg 1024w, https:\/\/necedesign.com\/wp-content\/uploads\/2020\/11\/LES-GEOMETRIQUES_EINSTEIN-768x713.jpg 768w, https:\/\/necedesign.com\/wp-content\/uploads\/2020\/11\/LES-GEOMETRIQUES_EINSTEIN-1536x1426.jpg 1536w, https:\/\/necedesign.com\/wp-content\/uploads\/2020\/11\/LES-GEOMETRIQUES_EINSTEIN-2048x1902.jpg 2048w, https:\/\/necedesign.com\/wp-content\/uploads\/2020\/11\/LES-GEOMETRIQUES_EINSTEIN-1200x1114.jpg 1200w, https:\/\/necedesign.com\/wp-content\/uploads\/2020\/11\/LES-GEOMETRIQUES_EINSTEIN-1980x1839.jpg 1980w\" sizes=\"(max-width: 2560px) 100vw, 2560px\" \/><\/figure><\/li><li class=\"blocks-gallery-item\"><figure><img loading=\"lazy\" width=\"2560\" height=\"2377\" src=\"http:\/\/necedesign.com\/wp-content\/uploads\/2020\/11\/LES-GEOMETRIQUES_CURIE-scaled.jpg\" alt=\"\" data-id=\"875\" data-full-url=\"http:\/\/necedesign.com\/wp-content\/uploads\/2020\/11\/LES-GEOMETRIQUES_CURIE-scaled.jpg\" data-link=\"http:\/\/necedesign.com\/index.php\/page-d-exemple\/les-geometriques_curie\/\" class=\"wp-image-875\" srcset=\"https:\/\/necedesign.com\/wp-content\/uploads\/2020\/11\/LES-GEOMETRIQUES_CURIE-scaled.jpg 2560w, https:\/\/necedesign.com\/wp-content\/uploads\/2020\/11\/LES-GEOMETRIQUES_CURIE-300x279.jpg 300w, https:\/\/necedesign.com\/wp-content\/uploads\/2020\/11\/LES-GEOMETRIQUES_CURIE-1024x951.jpg 1024w, https:\/\/necedesign.com\/wp-content\/uploads\/2020\/11\/LES-GEOMETRIQUES_CURIE-768x713.jpg 768w, https:\/\/necedesign.com\/wp-content\/uploads\/2020\/11\/LES-GEOMETRIQUES_CURIE-1536x1426.jpg 1536w, https:\/\/necedesign.com\/wp-content\/uploads\/2020\/11\/LES-GEOMETRIQUES_CURIE-2048x1902.jpg 2048w, https:\/\/necedesign.com\/wp-content\/uploads\/2020\/11\/LES-GEOMETRIQUES_CURIE-1200x1114.jpg 1200w, https:\/\/necedesign.com\/wp-content\/uploads\/2020\/11\/LES-GEOMETRIQUES_CURIE-1980x1839.jpg 1980w\" sizes=\"(max-width: 2560px) 100vw, 2560px\" \/><\/figure><\/li><\/ul><\/figure>\n\n\n\n<div class=\"wp-block-buttons aligncenter\">\n<div class=\"wp-block-button is-style-outline\"><a class=\"wp-block-button__link has-background-background-color has-text-color has-background\" href=\"http:\/\/necedesign.com\/index.php\/page-d-exemple\/\" style=\"color:#b9a76e\" rel=\"http:\/\/necedesign.com\/index.php\/page-d-exemple\/\">D\u00c9COUVREZ NOS AFFICHES &amp; NOS CARTES<\/a><\/div>\n<\/div>\n\n\n\n<h2 class=\"has-text-align-center has-primary-color has-text-color\" style=\"font-size:82px\">S U R \u00b7 M E S U R E <\/h2>\n\n\n\n<div class=\"wp-block-image\"><figure class=\"aligncenter size-large\"><img loading=\"lazy\" width=\"1024\" height=\"564\" src=\"http:\/\/necedesign.com\/wp-content\/uploads\/2020\/11\/02_BASKET-NECE-DESIGN-01-1024x564.jpg\" alt=\"\" class=\"wp-image-654\" srcset=\"https:\/\/necedesign.com\/wp-content\/uploads\/2020\/11\/02_BASKET-NECE-DESIGN-01-1024x564.jpg 1024w, https:\/\/necedesign.com\/wp-content\/uploads\/2020\/11\/02_BASKET-NECE-DESIGN-01-300x165.jpg 300w, https:\/\/necedesign.com\/wp-content\/uploads\/2020\/11\/02_BASKET-NECE-DESIGN-01-768x423.jpg 768w, https:\/\/necedesign.com\/wp-content\/uploads\/2020\/11\/02_BASKET-NECE-DESIGN-01-1536x846.jpg 1536w, https:\/\/necedesign.com\/wp-content\/uploads\/2020\/11\/02_BASKET-NECE-DESIGN-01-2048x1128.jpg 2048w, https:\/\/necedesign.com\/wp-content\/uploads\/2020\/11\/02_BASKET-NECE-DESIGN-01-1200x661.jpg 1200w, https:\/\/necedesign.com\/wp-content\/uploads\/2020\/11\/02_BASKET-NECE-DESIGN-01-1980x1091.jpg 1980w\" sizes=\"(max-width: 1024px) 100vw, 1024px\" \/><\/figure><\/div>\n\n\n\n<div class=\"wp-block-buttons aligncenter\">\n<div class=\"wp-block-button is-style-outline\"><a class=\"wp-block-button__link has-text-color\" href=\"http:\/\/necedesign.com\/index.php\/a-propos-de\/\" style=\"color:#b9a76e\">UNE DEMANDE PARTICULI\u00c8RE ? \/\/ UNE ENVIE CR\u00c9ATIVE ?<\/a><\/div>\n<\/div>\n\n\n\n<div style=\"height:160px\" aria-hidden=\"true\" class=\"wp-block-spacer\"><\/div>\n\n\n\n<div class=\"wp-block-group alignfull has-secondary-color has-text-color has-background\" style=\"background-color:#b9a76e\"><div class=\"wp-block-group__inner-container\">\n<div class=\"wp-block-group\"><div class=\"wp-block-group__inner-container\">\n<h1 class=\"has-text-align-center has-background-color has-text-color\" style=\"font-size:40px\">N O S \u00b7 D I S T R I B U T E U R S<\/h1>\n\n\n\n<div class=\"wp-block-button aligncenter is-style-outline\"><a class=\"wp-block-button__link has-primary-color has-text-color\" href=\"http:\/\/necedesign.com\/index.php\/accueil\/\">Les points- de-vente<\/a><\/div>\n<\/div><\/div>\n<\/div><\/div>\n\n\n\n<div style=\"height:100px\" aria-hidden=\"true\" class=\"wp-block-spacer\"><\/div>\n\n\n\n<div class=\"wp-block-image\"><figure class=\"aligncenter size-large is-resized\"><img loading=\"lazy\" src=\"http:\/\/necedesign.com\/wp-content\/uploads\/2020\/11\/NECEDESIGN_LOGO-1-1024x724.jpg\" alt=\"\" class=\"wp-image-128\" width=\"388\" height=\"275\" srcset=\"https:\/\/necedesign.com\/wp-content\/uploads\/2020\/11\/NECEDESIGN_LOGO-1-1024x724.jpg 1024w, https:\/\/necedesign.com\/wp-content\/uploads\/2020\/11\/NECEDESIGN_LOGO-1-300x212.jpg 300w, https:\/\/necedesign.com\/wp-content\/uploads\/2020\/11\/NECEDESIGN_LOGO-1-768x543.jpg 768w, https:\/\/necedesign.com\/wp-content\/uploads\/2020\/11\/NECEDESIGN_LOGO-1-1536x1086.jpg 1536w, https:\/\/necedesign.com\/wp-content\/uploads\/2020\/11\/NECEDESIGN_LOGO-1-2048x1449.jpg 2048w\" sizes=\"(max-width: 388px) 100vw, 388px\" \/><\/figure><\/div>\n\n\n\n<p class=\"has-text-align-center\" style=\"font-size:35px\">c a r o l i n e @ n e c e d e s i g n . c o m<\/p>\n\n\n\n<div class=\"wp-block-buttons aligncenter\">\n<div class=\"wp-block-button is-style-outline\"><a class=\"wp-block-button__link has-text-color\" href=\"https:\/\/www.instagram.com\/nece_design\/\" style=\"color:#b9a76e\" target=\"_blank\" rel=\"noreferrer noopener\">I N S T A G R A M<\/a><\/div>\n\n\n\n<div class=\"wp-block-button is-style-outline\"><a class=\"wp-block-button__link has-text-color\" style=\"color:#b9a76e\">F A C E B O O K<\/a><\/div>\n\n\n\n<div class=\"wp-block-button is-style-outline\"><a class=\"wp-block-button__link has-text-color\" style=\"color:#b9a76e\">P I N T E R E S T<\/a><\/div>\n<\/div>\n\n\n\n<p><\/p>\n","protected":false},"excerpt":{"rendered":"<p>&#8216; L\u2019art sauvera le monde &#8216; Fiodor Dosto\u00efevski A R T &#8211; P R I N T S \u00b7 C A R T E S S U R \u00b7 M E S U R E c a r o l i n e @ n e c e d e s i g n . [&hellip;]<\/p>\n","protected":false},"author":1,"featured_media":304,"parent":0,"menu_order":0,"comment_status":"closed","ping_status":"closed","template":"templates\/template-full-width.php","meta":[],"_links":{"self":[{"href":"https:\/\/necedesign.com\/index.php\/wp-json\/wp\/v2\/pages\/24"}],"collection":[{"href":"https:\/\/necedesign.com\/index.php\/wp-json\/wp\/v2\/pages"}],"about":[{"href":"https:\/\/necedesign.com\/index.php\/wp-json\/wp\/v2\/types\/page"}],"author":[{"embeddable":true,"href":"https:\/\/necedesign.com\/index.php\/wp-json\/wp\/v2\/users\/1"}],"replies":[{"embeddable":true,"href":"https:\/\/necedesign.com\/index.php\/wp-json\/wp\/v2\/comments?post=24"}],"version-history":[{"count":592,"href":"https:\/\/necedesign.com\/index.php\/wp-json\/wp\/v2\/pages\/24\/revisions"}],"predecessor-version":[{"id":1109,"href":"https:\/\/necedesign.com\/index.php\/wp-json\/wp\/v2\/pages\/24\/revisions\/1109"}],"wp:featuredmedia":[{"embeddable":true,"href":"https:\/\/necedesign.com\/index.php\/wp-json\/wp\/v2\/media\/304"}],"wp:attachment":[{"href":"https:\/\/necedesign.com\/index.php\/wp-json\/wp\/v2\/media?parent=24"}],"curies":[{"name":"wp","href":"https:\/\/api.w.org\/{rel}","templated":true}]}}