{"id":25,"date":"2020-11-17T15:47:45","date_gmt":"2020-11-17T14:47:45","guid":{"rendered":"http:\/\/necedesign.com\/?page_id=25"},"modified":"2020-12-06T21:12:10","modified_gmt":"2020-12-06T20:12:10","slug":"a-propos-de","status":"publish","type":"page","link":"https:\/\/necedesign.com\/index.php\/a-propos-de\/","title":{"rendered":"C R \u00c9 A T I O N S \u00b7 S U R \u00b7 M E S U R E"},"content":{"rendered":"\n<p class=\"has-text-align-center\">Nous travaillons \u00e9galement pour r\u00e9pondre aux demandes des particuliers et des professionnels afin d&#8217;enrichir un univers, communiquer sur une marque, un produit, un \u00e9v\u00e8nement ou un lieux&#8230;<\/p>\n\n\n\n<p class=\"has-text-align-center\"><strong>Exemple de collaborations pour un projet personnel <\/strong><br><strong>ou professionnel, un \u00e9v\u00e8nement, une image de marque etc&#8230;<\/strong><\/p>\n\n\n\n<div style=\"height:100px\" aria-hidden=\"true\" class=\"wp-block-spacer\"><\/div>\n\n\n\n<h2 class=\"has-text-align-center has-text-color\" style=\"color:#b9a76e\">A C C E S S O I  R E S<\/h2>\n\n\n\n<div class=\"wp-block-image\"><figure class=\"aligncenter size-large\"><img loading=\"lazy\" width=\"1024\" height=\"564\" src=\"http:\/\/necedesign.com\/wp-content\/uploads\/2020\/11\/02_BASKET-NECE-DESIGN-01-1-1024x564.jpg\" alt=\"\" class=\"wp-image-655\" srcset=\"https:\/\/necedesign.com\/wp-content\/uploads\/2020\/11\/02_BASKET-NECE-DESIGN-01-1-1024x564.jpg 1024w, https:\/\/necedesign.com\/wp-content\/uploads\/2020\/11\/02_BASKET-NECE-DESIGN-01-1-300x165.jpg 300w, https:\/\/necedesign.com\/wp-content\/uploads\/2020\/11\/02_BASKET-NECE-DESIGN-01-1-768x423.jpg 768w, https:\/\/necedesign.com\/wp-content\/uploads\/2020\/11\/02_BASKET-NECE-DESIGN-01-1-1536x846.jpg 1536w, https:\/\/necedesign.com\/wp-content\/uploads\/2020\/11\/02_BASKET-NECE-DESIGN-01-1-2048x1128.jpg 2048w, https:\/\/necedesign.com\/wp-content\/uploads\/2020\/11\/02_BASKET-NECE-DESIGN-01-1-1200x661.jpg 1200w, https:\/\/necedesign.com\/wp-content\/uploads\/2020\/11\/02_BASKET-NECE-DESIGN-01-1-1980x1091.jpg 1980w\" sizes=\"(max-width: 1024px) 100vw, 1024px\" \/><figcaption><em>Sneakers personnalis\u00e9 selon vos envies<\/em><\/figcaption><\/figure><\/div>\n","protected":false},"excerpt":{"rendered":"<p>Nous travaillons \u00e9galement pour r\u00e9pondre aux demandes des particuliers et des professionnels afin d&#8217;enrichir un univers, communiquer sur une marque, un produit, un \u00e9v\u00e8nement ou un lieux&#8230; Exemple de collaborations pour un projet personnel ou professionnel, un \u00e9v\u00e8nement, une image de marque etc&#8230; A C C E S S O I R E S<\/p>\n","protected":false},"author":1,"featured_media":0,"parent":0,"menu_order":0,"comment_status":"closed","ping_status":"closed","template":"","meta":[],"_links":{"self":[{"href":"https:\/\/necedesign.com\/index.php\/wp-json\/wp\/v2\/pages\/25"}],"collection":[{"href":"https:\/\/necedesign.com\/index.php\/wp-json\/wp\/v2\/pages"}],"about":[{"href":"https:\/\/necedesign.com\/index.php\/wp-json\/wp\/v2\/types\/page"}],"author":[{"embeddable":true,"href":"https:\/\/necedesign.com\/index.php\/wp-json\/wp\/v2\/users\/1"}],"replies":[{"embeddable":true,"href":"https:\/\/necedesign.com\/index.php\/wp-json\/wp\/v2\/comments?post=25"}],"version-history":[{"count":22,"href":"https:\/\/necedesign.com\/index.php\/wp-json\/wp\/v2\/pages\/25\/revisions"}],"predecessor-version":[{"id":1082,"href":"https:\/\/necedesign.com\/index.php\/wp-json\/wp\/v2\/pages\/25\/revisions\/1082"}],"wp:attachment":[{"href":"https:\/\/necedesign.com\/index.php\/wp-json\/wp\/v2\/media?parent=25"}],"curies":[{"name":"wp","href":"https:\/\/api.w.org\/{rel}","templated":true}]}}